{"id":511,"date":"2019-01-28T16:15:00","date_gmt":"2019-01-28T12:15:00","guid":{"rendered":"http:\/\/veteran.az\/?page_id=511"},"modified":"2025-03-19T22:33:01","modified_gmt":"2025-03-19T18:33:01","slug":"%c9%99laq%c9%99","status":"publish","type":"page","link":"https:\/\/veteran.az\/?page_id=511","title":{"rendered":"\u018flaq\u0259"},"content":{"rendered":"\n<p>\u00dcnvan: AZ1123, Az\u0259rbaycan Respublikas\u0131, Bak\u0131 \u015f\u0259h\u0259ri, X\u0259tai rayonu, R.Quliyev k\u00fc\u00e7\u0259si, ev 2.<\/p>\n\n\n\n<p>Ba\u015f redaktor: Nurlan M\u0259mm\u0259dli<br><br><img decoding=\"async\" src=\"https:\/\/veteran.az\/images\/mail.png\" alt=\"mail\">&nbsp;press.veteran.az@gmail.com<br><img decoding=\"async\" src=\"https:\/\/veteran.az\/images\/phone.png\" alt=\"phone\">&nbsp;(+994) 50 892 57 67<br><img decoding=\"async\" src=\"https:\/\/veteran.az\/images\/whatsapp.png\" alt=\"wp\">&nbsp;(+994) 50 892 57 67<\/p>\n\n\n\n<p class=\"has-text-align-center\"><strong>Bizim n\u0259\u015frl\u0259rimiz<\/strong><\/p>\n\n\n\n<p><strong>X\u0259b\u0259r portal\u0131:<\/strong> <a href=\"http:\/\/veteran.az\">www.veteran.az<\/a><\/p>\n\n\n\n<p><strong>Elmi jurnal:<\/strong> <a href=\"http:\/\/journal.pedaqoq.az\">www.journal.pedaqoq.az<\/a><\/p>\n\n\n\n<hr class=\"wp-block-separator has-alpha-channel-opacity\"\/>\n\n\n\n<p>\u018flaq\u0259 formas\u0131:<\/p>\n\n\n\n<div id=\"form_105018_1\"><\/div>\n<script type=\"text\/javascript\">\n   (function (d, w, c) {\n       (w[c] = w[c] || []).push({formId:105018,host:\"formdesigner.ru\",formHeight:0, el: \"form_105018_1\", center: 0});\n       var s = d.createElement(\"script\"), g = \"getElementsByTagName\";\n       s.type = \"text\/javascript\"; s.charset=\"UTF-8\"; s.async = true;\n       s.src = (d.location.protocol == \"https:\" ? \"https:\" : \"http:\")+\"\/\/formdesigner.ru\/js\/iform.js\";\n       var h=d[g](\"head\")[0] || d[g](\"body\")[0];\n       h.appendChild(s);\n   })(document, window, \"fdforms\");\n<\/script>\n\n\n\n<p><\/p>\n","protected":false},"excerpt":{"rendered":"<p>\u00dcnvan: AZ1123, Az\u0259rbaycan Respublikas\u0131, Bak\u0131 \u015f\u0259h\u0259ri, X\u0259tai rayonu, R.Quliyev k\u00fc\u00e7\u0259si, ev 2. Ba\u015f redaktor: Nurlan&#8230;<\/p>\n","protected":false},"author":4,"featured_media":0,"parent":0,"menu_order":0,"comment_status":"closed","ping_status":"closed","template":"","meta":{"footnotes":""},"class_list":["post-511","page","type-page","status-publish","hentry"],"_links":{"self":[{"href":"https:\/\/veteran.az\/index.php?rest_route=\/wp\/v2\/pages\/511","targetHints":{"allow":["GET"]}}],"collection":[{"href":"https:\/\/veteran.az\/index.php?rest_route=\/wp\/v2\/pages"}],"about":[{"href":"https:\/\/veteran.az\/index.php?rest_route=\/wp\/v2\/types\/page"}],"author":[{"embeddable":true,"href":"https:\/\/veteran.az\/index.php?rest_route=\/wp\/v2\/users\/4"}],"replies":[{"embeddable":true,"href":"https:\/\/veteran.az\/index.php?rest_route=%2Fwp%2Fv2%2Fcomments&post=511"}],"version-history":[{"count":8,"href":"https:\/\/veteran.az\/index.php?rest_route=\/wp\/v2\/pages\/511\/revisions"}],"predecessor-version":[{"id":23765,"href":"https:\/\/veteran.az\/index.php?rest_route=\/wp\/v2\/pages\/511\/revisions\/23765"}],"wp:attachment":[{"href":"https:\/\/veteran.az\/index.php?rest_route=%2Fwp%2Fv2%2Fmedia&parent=511"}],"curies":[{"name":"wp","href":"https:\/\/api.w.org\/{rel}","templated":true}]}}